{"id":29,"date":"2024-11-15T17:27:18","date_gmt":"2024-11-15T17:27:18","guid":{"rendered":"https:\/\/www.hyper-ma.com\/?page_id=29"},"modified":"2024-12-03T14:00:10","modified_gmt":"2024-12-03T14:00:10","slug":"politique-de-confidentialite","status":"publish","type":"page","link":"https:\/\/www.hyper-ma.com\/en\/politique-de-confidentialite\/","title":{"rendered":""},"content":{"rendered":"<div data-elementor-type=\"wp-page\" data-elementor-id=\"29\" class=\"elementor elementor-29\">\n\t\t\t\t<div class=\"elementor-element elementor-element-18abaf17 e-flex e-con-boxed e-con e-parent\" data-id=\"18abaf17\" data-element_type=\"container\" data-e-type=\"container\">\n\t\t\t\t\t<div class=\"e-con-inner\">\n\t\t\t\t<div class=\"elementor-element elementor-element-6bbadc5c elementor-widget elementor-widget-text-editor\" data-id=\"6bbadc5c\" data-element_type=\"widget\" data-e-type=\"widget\" data-widget_type=\"text-editor.default\">\n\t\t\t\t<div class=\"elementor-widget-container\">\n\t\t\t\t\t\t\t\t\t<p><span style=\"font-family: Calibri, serif; color: #083826;\"><strong>ARTICLE 1: PREAMBLE<\/strong> <\/span><\/p>\n<p><span style=\"font-family: Calibri, serif;\">This privacy policy aims to inform users of the site: <\/span><\/p>\n<ul style=\"text-align: left;\">\n<li><span style=\"font-family: Calibri, serif;\">Regarding how their personal data is collected. Personal data is defined as any information that allows a user to be identified. This may include: their first and last names, age, postal or email address, location, or IP address (non-exhaustive list); <\/span><\/li>\n<li><span style=\"font-family: Calibri, serif;\">Regarding the rights they have concerning this data; <\/span><\/li>\n<li><span style=\"font-family: Calibri, serif;\">Regarding the person responsible for the processing of personal data collected and processed; <\/span><\/li>\n<li><span style=\"font-family: Calibri, serif;\">Regarding the recipients of this personal data; <\/span><\/li>\n<li><span style=\"font-family: Calibri, serif;\">Regarding the site's cookie policy. <\/span><\/li>\n<\/ul>\n<p><span style=\"font-family: Calibri, serif;\">This policy complements the <span style=\"color: #f7a70b;\"><a style=\"color: #f7a70b;\" href=\"https:\/\/www.hyper-ma.com\/en\/conditions-generales-de-vente\/\" target=\"_blank\" rel=\"noopener\"><span style=\"text-decoration: underline;\"><strong>General Terms and Conditions of Sale available for consultation<\/strong><\/span><\/a><\/span>.<\/span><\/p>\t\t\t\t\t\t\t\t<\/div>\n\t\t\t\t<\/div>\n\t\t\t\t\t<\/div>\n\t\t\t\t<\/div>\n\t\t<div class=\"elementor-element elementor-element-f87bfb8 e-flex e-con-boxed e-con e-parent\" data-id=\"f87bfb8\" data-element_type=\"container\" data-e-type=\"container\">\n\t\t\t\t\t<div class=\"e-con-inner\">\n\t\t\t\t<div class=\"elementor-element elementor-element-c26549a elementor-widget elementor-widget-text-editor\" data-id=\"c26549a\" data-element_type=\"widget\" data-e-type=\"widget\" data-widget_type=\"text-editor.default\">\n\t\t\t\t<div class=\"elementor-widget-container\">\n\t\t\t\t\t\t\t\t\t<p><span style=\"font-family: Calibri, serif; color: #083826;\"><strong>ARTICLE 2: PRINCIPLES RELATING TO THE COLLECTION AND PROCESSING OF PERSONAL DATA<\/strong> <\/span><\/p>\n<p><span style=\"font-family: Calibri, serif;\">In accordance with Article 5 of European Regulation 2016\/679, personal data are: <\/span><\/p>\n<ul>\n<li><span style=\"font-family: Calibri, serif;\">Processed lawfully, fairly and transparently with regard to the person concerned; <\/span><\/li>\n<li><span style=\"font-family: Calibri, serif;\">Collected for specified purposes (see Article 3.1 herein), explicit and legitimate, and not to be further processed in a manner incompatible with those purposes; <\/span><\/li>\n<li><span style=\"font-family: Calibri, serif;\">Adequate, relevant and limited to what is necessary in relation to the purposes for which they are processed; <\/span><\/li>\n<li><span style=\"font-family: Calibri, serif;\">Accurate and, where necessary, kept up to date. Every reasonable step must be taken to ensure that personal data which are inaccurate, having regard to the purposes for which they are processed, are erased or rectified without delay; <\/span><\/li>\n<li><span style=\"font-family: Calibri, serif;\">Kept in a form which permits identification of data subjects for no longer than is necessary for the purposes for which they are processed; <\/span><\/li>\n<li><span style=\"font-family: Calibri, serif;\">Processed in a manner that ensures appropriate security of the data collected, including protection against unauthorized or unlawful processing and against accidental loss, destruction or damage, using appropriate technical or organizational measures. <\/span><\/li>\n<\/ul>\n<p>\u00a0<\/p>\n<p><span style=\"font-family: Calibri, serif;\">The processing is lawful only if, and to the extent that, at least one of the following conditions is met: <\/span><\/p>\n<ul>\n<li><span style=\"font-family: Calibri, serif;\">The person concerned has consented to the processing of their personal data for one or more specific purposes;<\/span><\/li>\n<li><span style=\"font-family: Calibri, serif;\">The processing is necessary for the performance of a contract to which the data subject is a party or in order to take steps at the request of the data subject prior to entering into a contract; <\/span><\/li>\n<li><span style=\"font-family: Calibri, serif;\">The processing is necessary for compliance with a legal obligation to which the controller is subject; <\/span><\/li>\n<li><span style=\"font-family: Calibri, serif;\">The processing is necessary to protect the vital interests of the data subject or of another natural person; <\/span><\/li>\n<li><span style=\"font-family: Calibri, serif;\">The processing is necessary for the performance of a task carried out in the public interest or in the exercise of official authority vested in the controller; <\/span><\/li>\n<li><span style=\"font-family: Calibri, serif;\">The processing is necessary for the purposes of the legitimate interests pursued by the controller or by a third party, except where such interests are overridden by the interests or fundamental rights and freedoms of the data subject which require protection of personal data, in particular where the data subject is a child. <\/span><\/li>\n<\/ul>\t\t\t\t\t\t\t\t<\/div>\n\t\t\t\t<\/div>\n\t\t\t\t\t<\/div>\n\t\t\t\t<\/div>\n\t\t<div class=\"elementor-element elementor-element-d7acfda e-flex e-con-boxed e-con e-parent\" data-id=\"d7acfda\" data-element_type=\"container\" data-e-type=\"container\">\n\t\t\t\t\t<div class=\"e-con-inner\">\n\t\t\t\t<div class=\"elementor-element elementor-element-a3968df elementor-widget elementor-widget-text-editor\" data-id=\"a3968df\" data-element_type=\"widget\" data-e-type=\"widget\" data-widget_type=\"text-editor.default\">\n\t\t\t\t<div class=\"elementor-widget-container\">\n\t\t\t\t\t\t\t\t\t<p><span style=\"font-family: Calibri, serif; color: #083826;\"><strong>ARTICLE 3: PERSONAL DATA COLLECTED AND PROCESSED DURING NAVIGATION ON THE SITE<\/strong> <\/span><\/p>\n<p><span style=\"font-family: Calibri, serif;\"><b>Article 3.1: Data collected <\/b><\/span><\/p>\n<p><span style=\"font-family: Calibri, serif;\">The personal data collected as part of our business includes: email address, name, surname, date of birth\u2026<\/span><\/p>\n<p><span style=\"font-family: Calibri, serif;\">The collection and processing of this data serves the following purpose(s): customer database, communication, accounting management, customer service follow-up, newsletter (if subscribed)<\/span>&#8230;<br \/><br \/><\/p>\n<p><span style=\"font-family: Calibri, serif;\"><b>Article 3.2: Data Collection Method <\/b><\/span><\/p>\n<p><span style=\"font-family: Calibri, serif;\">When you use my site,<\/span><span style=\"font-family: Calibri, serif;\"> Personal data is collected when you perform the following actions on the platform: filling out a contact form.<\/span><\/p>\n<p>\u00a0<\/p>\n<p><span style=\"font-family: Calibri, serif;\"><b>Article 3.3: Data Hosting <\/b><\/span><\/p>\n<p><span style=\"font-family: Calibri, serif;\">The website <\/span><span style=\"font-family: Calibri, serif;\"><i>Hyper Ma <\/i><\/span><span style=\"font-family: Calibri, serif;\">is hosted by: <\/span><span style=\"font-family: Calibri, serif;\">o2switch, SAS<i>, Chemin des Pardiaux, 63000 Clermont-Ferrand, support@o2switch.fr<\/i><\/span><\/p>\t\t\t\t\t\t\t\t<\/div>\n\t\t\t\t<\/div>\n\t\t\t\t\t<\/div>\n\t\t\t\t<\/div>\n\t\t<div class=\"elementor-element elementor-element-8995fdd e-flex e-con-boxed e-con e-parent\" data-id=\"8995fdd\" data-element_type=\"container\" data-e-type=\"container\">\n\t\t\t\t\t<div class=\"e-con-inner\">\n\t\t\t\t<div class=\"elementor-element elementor-element-4d4f9a8 elementor-widget elementor-widget-text-editor\" data-id=\"4d4f9a8\" data-element_type=\"widget\" data-e-type=\"widget\" data-widget_type=\"text-editor.default\">\n\t\t\t\t<div class=\"elementor-widget-container\">\n\t\t\t\t\t\t\t\t\t<p><span style=\"font-family: Calibri, serif; color: #083826;\"><strong>ARTICLE 4: DATA CONTROLLER AND DATA PROTECTION OFFICER<\/strong> <\/span><\/p>\n<p><span style=\"font-family: Calibri, serif;\"><b>Article 4.1: The data controller <\/b><\/span><\/p>\n<p><span style=\"font-family: Calibri, serif;\">Personal data is collected by Hyper Ma<\/span><span style=\"font-family: Calibri, serif;\">, <\/span><span style=\"font-family: Calibri, serif;\">SIRET 53796293800024<\/span><span style=\"font-family: Calibri, serif;\">. <\/span><\/p>\n<p><span style=\"font-family: Calibri, serif;\">The data controller can be contacted by email: hyper.maaa@gmail.com<\/span><\/p>\n<p>\u00a0<\/p>\n<p><span style=\"font-family: Calibri, serif;\"><b>Article 4.2: The Data Protection Officer <\/b><\/span> <br \/><br \/><span style=\"font-family: Calibri, serif;\">The company's or data protection officer is: <\/span>Marion THIBAUD.<\/p>\n<p><span style=\"font-family: Calibri, serif;\">If, after contacting us, you believe that your \"Data Protection\" rights are not being respected, you can send information to the CNIL. <\/span><\/p>\t\t\t\t\t\t\t\t<\/div>\n\t\t\t\t<\/div>\n\t\t\t\t\t<\/div>\n\t\t\t\t<\/div>\n\t\t<div class=\"elementor-element elementor-element-59b67b5 e-flex e-con-boxed e-con e-parent\" data-id=\"59b67b5\" data-element_type=\"container\" data-e-type=\"container\">\n\t\t\t\t\t<div class=\"e-con-inner\">\n\t\t\t\t<div class=\"elementor-element elementor-element-352c115 elementor-widget elementor-widget-text-editor\" data-id=\"352c115\" data-element_type=\"widget\" data-e-type=\"widget\" data-widget_type=\"text-editor.default\">\n\t\t\t\t<div class=\"elementor-widget-container\">\n\t\t\t\t\t\t\t\t\t<p><span style=\"font-family: Calibri, serif; color: #083826;\"><strong>ARTICLE 5: USER RIGHTS REGARDING DATA COLLECTION AND PROCESSING<\/strong> <\/span><\/p><p><span style=\"font-family: Calibri, serif;\">Any user whose personal data is being processed may exercise the following rights, pursuant to European Regulation 2016\/679 and the French Data Protection Act (Law 78-17 of 6 January 1978): <\/span><\/p><ul><li><span style=\"font-family: Calibri, serif;\">Right of access, rectification and erasure of data (set out respectively in Articles 15, 16 and 17 of the GDPR); <\/span><\/li><li><span style=\"font-family: Calibri, serif;\">Right to data portability (Article 20 of the GDPR); <\/span><\/li><li><span style=\"font-family: Calibri, serif;\">Right to restriction of processing (Article 18 of the GDPR) and to object to processing of data (Article 21 of the GDPR); <\/span><\/li><li><span style=\"font-family: Calibri, serif;\">Right not to be subject to a decision based solely on an automated process; <\/span><\/li><li><span style=\"font-family: Calibri, serif;\">Right to determine the fate of data after death; <\/span><\/li><li><span style=\"font-family: Calibri, serif;\">Right to lodge a complaint with the competent supervisory authority (Article 77 of the GDPR). <\/span><\/li><\/ul><p><span style=\"font-family: Calibri, serif;\">To exercise your rights, please send your<\/span><span style=\"font-family: Calibri, serif;\"> Email Marion THIBAUD at hyper.maaa@gmail.com<br \/><\/span><\/p><p><span style=\"font-family: Calibri, serif;\">In order for the data controller to comply with their request, the user may be required to provide certain information such as: their first and last names, their email address. <\/span><\/p><p><span style=\"font-family: Calibri, serif;\">Visit the website <a href=\"http:\/\/www.cnil.f\" target=\"_blank\" rel=\"noopener\"><span style=\"text-decoration: underline;\"><strong>www.cnil.fr<\/strong><\/span><\/a> for more information about your rights. <\/span><\/p><p>\u00a0<\/p>\t\t\t\t\t\t\t\t<\/div>\n\t\t\t\t<\/div>\n\t\t\t\t\t<\/div>\n\t\t\t\t<\/div>\n\t\t\t\t<\/div>","protected":false},"excerpt":{"rendered":"<p>ARTICLE 1 : PR\u00c9AMBULE La pr\u00e9sente politique de confidentialit\u00e9 a pour but d\u2019informer les utilisateurs.rices du site : Sur la mani\u00e8re dont sont collect\u00e9es leurs donn\u00e9es personnelles. Sont consid\u00e9r\u00e9es comme des donn\u00e9es personnelles, toute information permettant d\u2019identifier un utilisateur. \u00c0 ce titre, il peut s\u2019agir : de ses noms et pr\u00e9noms, de son \u00e2ge, de son adresse postale ou email, de sa localisation ou encore de son adresse IP (liste non-exhaustive) ; Sur les droits dont ils disposent concernant ces donn\u00e9es ; Sur la personne responsable du traitement des donn\u00e9es \u00e0 caract\u00e8re personnel collect\u00e9es et trait\u00e9es ; Sur les destinataires&hellip;<\/p>\n<p> <a class=\"more-link\" href=\"https:\/\/www.hyper-ma.com\/en\/politique-de-confidentialite\/\">Read more<\/a><\/p>","protected":false},"author":1,"featured_media":1987,"parent":0,"menu_order":0,"comment_status":"closed","ping_status":"closed","template":"","meta":{"footnotes":""},"folder":[],"class_list":["post-29","page","type-page","status-publish","has-post-thumbnail"],"yoast_head":"<!-- This site is optimized with the Yoast SEO plugin v27.5 - https:\/\/yoast.com\/product\/yoast-seo-wordpress\/ -->\n<title>- Hyper Ma<\/title>\n<meta name=\"robots\" content=\"index, follow, max-snippet:-1, max-image-preview:large, max-video-preview:-1\" \/>\n<link rel=\"canonical\" href=\"https:\/\/www.hyper-ma.com\/en\/politique-de-confidentialite\/\" \/>\n<meta property=\"og:locale\" content=\"en_GB\" \/>\n<meta property=\"og:type\" content=\"article\" \/>\n<meta property=\"og:title\" content=\"- Hyper Ma\" \/>\n<meta property=\"og:description\" content=\"ARTICLE 1 : PR\u00c9AMBULE La pr\u00e9sente politique de confidentialit\u00e9 a pour but d\u2019informer les utilisateurs.rices du site : Sur la mani\u00e8re dont sont collect\u00e9es leurs donn\u00e9es personnelles. Sont consid\u00e9r\u00e9es comme des donn\u00e9es personnelles, toute information permettant d\u2019identifier un utilisateur. \u00c0 ce titre, il peut s\u2019agir : de ses noms et pr\u00e9noms, de son \u00e2ge, de son adresse postale ou email, de sa localisation ou encore de son adresse IP (liste non-exhaustive) ; Sur les droits dont ils disposent concernant ces donn\u00e9es ; Sur la personne responsable du traitement des donn\u00e9es \u00e0 caract\u00e8re personnel collect\u00e9es et trait\u00e9es ; Sur les destinataires&hellip;  Read more\" \/>\n<meta property=\"og:url\" content=\"https:\/\/www.hyper-ma.com\/en\/politique-de-confidentialite\/\" \/>\n<meta property=\"og:site_name\" content=\"Hyper Ma\" \/>\n<meta property=\"article:publisher\" content=\"https:\/\/www.facebook.com\/HyperMaTattoo\" \/>\n<meta property=\"article:modified_time\" content=\"2024-12-03T14:00:10+00:00\" \/>\n<meta property=\"og:image\" content=\"https:\/\/www.hyper-ma.com\/wp-content\/uploads\/2024\/12\/IMG-HEADER2-hyper-ma-8.jpg\" \/>\n\t<meta property=\"og:image:width\" content=\"1920\" \/>\n\t<meta property=\"og:image:height\" content=\"575\" \/>\n\t<meta property=\"og:image:type\" content=\"image\/jpeg\" \/>\n<meta name=\"twitter:card\" content=\"summary_large_image\" \/>\n<meta name=\"twitter:label1\" content=\"Estimated reading time\" \/>\n\t<meta name=\"twitter:data1\" content=\"5 minutes\" \/>\n<script type=\"application\/ld+json\" class=\"yoast-schema-graph\">{\"@context\":\"https:\\\/\\\/schema.org\",\"@graph\":[{\"@type\":\"WebPage\",\"@id\":\"https:\\\/\\\/www.hyper-ma.com\\\/politique-de-confidentialite\\\/\",\"url\":\"https:\\\/\\\/www.hyper-ma.com\\\/politique-de-confidentialite\\\/\",\"name\":\"- Hyper Ma\",\"isPartOf\":{\"@id\":\"https:\\\/\\\/www.hyper-ma.com\\\/#website\"},\"primaryImageOfPage\":{\"@id\":\"https:\\\/\\\/www.hyper-ma.com\\\/politique-de-confidentialite\\\/#primaryimage\"},\"image\":{\"@id\":\"https:\\\/\\\/www.hyper-ma.com\\\/politique-de-confidentialite\\\/#primaryimage\"},\"thumbnailUrl\":\"https:\\\/\\\/www.hyper-ma.com\\\/wp-content\\\/uploads\\\/2024\\\/12\\\/IMG-HEADER2-hyper-ma-8.jpg\",\"datePublished\":\"2024-11-15T17:27:18+00:00\",\"dateModified\":\"2024-12-03T14:00:10+00:00\",\"inLanguage\":\"en-GB\",\"potentialAction\":[{\"@type\":\"ReadAction\",\"target\":[\"https:\\\/\\\/www.hyper-ma.com\\\/politique-de-confidentialite\\\/\"]}]},{\"@type\":\"ImageObject\",\"inLanguage\":\"en-GB\",\"@id\":\"https:\\\/\\\/www.hyper-ma.com\\\/politique-de-confidentialite\\\/#primaryimage\",\"url\":\"https:\\\/\\\/www.hyper-ma.com\\\/wp-content\\\/uploads\\\/2024\\\/12\\\/IMG-HEADER2-hyper-ma-8.jpg\",\"contentUrl\":\"https:\\\/\\\/www.hyper-ma.com\\\/wp-content\\\/uploads\\\/2024\\\/12\\\/IMG-HEADER2-hyper-ma-8.jpg\",\"width\":1920,\"height\":575},{\"@type\":\"WebSite\",\"@id\":\"https:\\\/\\\/www.hyper-ma.com\\\/#website\",\"url\":\"https:\\\/\\\/www.hyper-ma.com\\\/\",\"name\":\"Hyper Ma\",\"description\":\"Tatouage - Illustration - Graphisme\",\"publisher\":{\"@id\":\"https:\\\/\\\/www.hyper-ma.com\\\/#organization\"},\"potentialAction\":[{\"@type\":\"SearchAction\",\"target\":{\"@type\":\"EntryPoint\",\"urlTemplate\":\"https:\\\/\\\/www.hyper-ma.com\\\/?s={search_term_string}\"},\"query-input\":{\"@type\":\"PropertyValueSpecification\",\"valueRequired\":true,\"valueName\":\"search_term_string\"}}],\"inLanguage\":\"en-GB\"},{\"@type\":\"Organization\",\"@id\":\"https:\\\/\\\/www.hyper-ma.com\\\/#organization\",\"name\":\"Hyper Ma\",\"url\":\"https:\\\/\\\/www.hyper-ma.com\\\/\",\"logo\":{\"@type\":\"ImageObject\",\"inLanguage\":\"en-GB\",\"@id\":\"https:\\\/\\\/www.hyper-ma.com\\\/#\\\/schema\\\/logo\\\/image\\\/\",\"url\":\"https:\\\/\\\/www.hyper-ma.com\\\/wp-content\\\/uploads\\\/2024\\\/11\\\/Hyper-Ma-logo.png\",\"contentUrl\":\"https:\\\/\\\/www.hyper-ma.com\\\/wp-content\\\/uploads\\\/2024\\\/11\\\/Hyper-Ma-logo.png\",\"width\":1357,\"height\":1920,\"caption\":\"Hyper Ma\"},\"image\":{\"@id\":\"https:\\\/\\\/www.hyper-ma.com\\\/#\\\/schema\\\/logo\\\/image\\\/\"},\"sameAs\":[\"https:\\\/\\\/www.facebook.com\\\/HyperMaTattoo\",\"https:\\\/\\\/www.instagram.com\\\/hyper_ma\"]}]}<\/script>\n<!-- \/ Yoast SEO plugin. -->","yoast_head_json":{"title":"- Hyper Ma","robots":{"index":"index","follow":"follow","max-snippet":"max-snippet:-1","max-image-preview":"max-image-preview:large","max-video-preview":"max-video-preview:-1"},"canonical":"https:\/\/www.hyper-ma.com\/en\/politique-de-confidentialite\/","og_locale":"en_GB","og_type":"article","og_title":"- Hyper Ma","og_description":"ARTICLE 1 : PR\u00c9AMBULE La pr\u00e9sente politique de confidentialit\u00e9 a pour but d\u2019informer les utilisateurs.rices du site : Sur la mani\u00e8re dont sont collect\u00e9es leurs donn\u00e9es personnelles. Sont consid\u00e9r\u00e9es comme des donn\u00e9es personnelles, toute information permettant d\u2019identifier un utilisateur. \u00c0 ce titre, il peut s\u2019agir : de ses noms et pr\u00e9noms, de son \u00e2ge, de son adresse postale ou email, de sa localisation ou encore de son adresse IP (liste non-exhaustive) ; Sur les droits dont ils disposent concernant ces donn\u00e9es ; Sur la personne responsable du traitement des donn\u00e9es \u00e0 caract\u00e8re personnel collect\u00e9es et trait\u00e9es ; Sur les destinataires&hellip;  Read more","og_url":"https:\/\/www.hyper-ma.com\/en\/politique-de-confidentialite\/","og_site_name":"Hyper Ma","article_publisher":"https:\/\/www.facebook.com\/HyperMaTattoo","article_modified_time":"2024-12-03T14:00:10+00:00","og_image":[{"width":1920,"height":575,"url":"https:\/\/www.hyper-ma.com\/wp-content\/uploads\/2024\/12\/IMG-HEADER2-hyper-ma-8.jpg","type":"image\/jpeg"}],"twitter_card":"summary_large_image","twitter_misc":{"Estimated reading time":"5 minutes"},"schema":{"@context":"https:\/\/schema.org","@graph":[{"@type":"WebPage","@id":"https:\/\/www.hyper-ma.com\/politique-de-confidentialite\/","url":"https:\/\/www.hyper-ma.com\/politique-de-confidentialite\/","name":"- Hyper Ma","isPartOf":{"@id":"https:\/\/www.hyper-ma.com\/#website"},"primaryImageOfPage":{"@id":"https:\/\/www.hyper-ma.com\/politique-de-confidentialite\/#primaryimage"},"image":{"@id":"https:\/\/www.hyper-ma.com\/politique-de-confidentialite\/#primaryimage"},"thumbnailUrl":"https:\/\/www.hyper-ma.com\/wp-content\/uploads\/2024\/12\/IMG-HEADER2-hyper-ma-8.jpg","datePublished":"2024-11-15T17:27:18+00:00","dateModified":"2024-12-03T14:00:10+00:00","inLanguage":"en-GB","potentialAction":[{"@type":"ReadAction","target":["https:\/\/www.hyper-ma.com\/politique-de-confidentialite\/"]}]},{"@type":"ImageObject","inLanguage":"en-GB","@id":"https:\/\/www.hyper-ma.com\/politique-de-confidentialite\/#primaryimage","url":"https:\/\/www.hyper-ma.com\/wp-content\/uploads\/2024\/12\/IMG-HEADER2-hyper-ma-8.jpg","contentUrl":"https:\/\/www.hyper-ma.com\/wp-content\/uploads\/2024\/12\/IMG-HEADER2-hyper-ma-8.jpg","width":1920,"height":575},{"@type":"WebSite","@id":"https:\/\/www.hyper-ma.com\/#website","url":"https:\/\/www.hyper-ma.com\/","name":"Hyper Ma","description":"Tatouage - Illustration - Graphisme","publisher":{"@id":"https:\/\/www.hyper-ma.com\/#organization"},"potentialAction":[{"@type":"SearchAction","target":{"@type":"EntryPoint","urlTemplate":"https:\/\/www.hyper-ma.com\/?s={search_term_string}"},"query-input":{"@type":"PropertyValueSpecification","valueRequired":true,"valueName":"search_term_string"}}],"inLanguage":"en-GB"},{"@type":"Organization","@id":"https:\/\/www.hyper-ma.com\/#organization","name":"Hyper Ma","url":"https:\/\/www.hyper-ma.com\/","logo":{"@type":"ImageObject","inLanguage":"en-GB","@id":"https:\/\/www.hyper-ma.com\/#\/schema\/logo\/image\/","url":"https:\/\/www.hyper-ma.com\/wp-content\/uploads\/2024\/11\/Hyper-Ma-logo.png","contentUrl":"https:\/\/www.hyper-ma.com\/wp-content\/uploads\/2024\/11\/Hyper-Ma-logo.png","width":1357,"height":1920,"caption":"Hyper Ma"},"image":{"@id":"https:\/\/www.hyper-ma.com\/#\/schema\/logo\/image\/"},"sameAs":["https:\/\/www.facebook.com\/HyperMaTattoo","https:\/\/www.instagram.com\/hyper_ma"]}]}},"_links":{"self":[{"href":"https:\/\/www.hyper-ma.com\/en\/wp-json\/wp\/v2\/pages\/29","targetHints":{"allow":["GET"]}}],"collection":[{"href":"https:\/\/www.hyper-ma.com\/en\/wp-json\/wp\/v2\/pages"}],"about":[{"href":"https:\/\/www.hyper-ma.com\/en\/wp-json\/wp\/v2\/types\/page"}],"author":[{"embeddable":true,"href":"https:\/\/www.hyper-ma.com\/en\/wp-json\/wp\/v2\/users\/1"}],"replies":[{"embeddable":true,"href":"https:\/\/www.hyper-ma.com\/en\/wp-json\/wp\/v2\/comments?post=29"}],"version-history":[{"count":13,"href":"https:\/\/www.hyper-ma.com\/en\/wp-json\/wp\/v2\/pages\/29\/revisions"}],"predecessor-version":[{"id":1485,"href":"https:\/\/www.hyper-ma.com\/en\/wp-json\/wp\/v2\/pages\/29\/revisions\/1485"}],"wp:featuredmedia":[{"embeddable":true,"href":"https:\/\/www.hyper-ma.com\/en\/wp-json\/wp\/v2\/media\/1987"}],"wp:attachment":[{"href":"https:\/\/www.hyper-ma.com\/en\/wp-json\/wp\/v2\/media?parent=29"}],"wp:term":[{"taxonomy":"folder","embeddable":true,"href":"https:\/\/www.hyper-ma.com\/en\/wp-json\/wp\/v2\/folder?post=29"}],"curies":[{"name":"wp","href":"https:\/\/api.w.org\/{rel}","templated":true}]}}