{"id":869,"date":"2024-11-18T17:36:09","date_gmt":"2024-11-18T17:36:09","guid":{"rendered":"https:\/\/www.hyper-ma.com\/?page_id=869"},"modified":"2025-10-11T09:53:51","modified_gmt":"2025-10-11T09:53:51","slug":"fiches-a-telecharger","status":"publish","type":"page","link":"https:\/\/www.hyper-ma.com\/en\/fiches-a-telecharger\/","title":{"rendered":""},"content":{"rendered":"<div data-elementor-type=\"wp-page\" data-elementor-id=\"869\" class=\"elementor elementor-869\">\n\t\t\t\t<div class=\"elementor-element elementor-element-9cb0b6d e-flex e-con-boxed e-con e-parent\" data-id=\"9cb0b6d\" data-element_type=\"container\" data-e-type=\"container\">\n\t\t\t\t\t<div class=\"e-con-inner\">\n\t\t\t\t<div class=\"elementor-element elementor-element-141570f elementor-widget elementor-widget-text-editor\" data-id=\"141570f\" data-element_type=\"widget\" data-e-type=\"widget\" data-widget_type=\"text-editor.default\">\n\t\t\t\t<div class=\"elementor-widget-container\">\n\t\t\t\t\t\t\t\t\t<p>A few short information sheets to help you live the tattooed life well:<\/p>\t\t\t\t\t\t\t\t<\/div>\n\t\t\t\t<\/div>\n\t\t\t\t\t<\/div>\n\t\t\t\t<\/div>\n\t\t<div class=\"elementor-element elementor-element-a2da102 e-flex e-con-boxed e-con e-parent\" data-id=\"a2da102\" data-element_type=\"container\" data-e-type=\"container\">\n\t\t\t\t\t<div class=\"e-con-inner\">\n\t\t<div class=\"elementor-element elementor-element-96484c6 e-con-full e-flex e-con e-child\" data-id=\"96484c6\" data-element_type=\"container\" data-e-type=\"container\">\n\t\t\t\t<div class=\"elementor-element elementor-element-5ec9232 elementor-widget elementor-widget-image\" data-id=\"5ec9232\" data-element_type=\"widget\" data-e-type=\"widget\" data-widget_type=\"image.default\">\n\t\t\t\t<div class=\"elementor-widget-container\">\n\t\t\t\t\t\t\t\t\t\t\t\t\t\t\t\t<a href=\"https:\/\/www.hyper-ma.com\/wp-content\/uploads\/2024\/11\/DEROULMENT-PROJET-HYPER-MA-TATTOO-scaled.jpg\">\n\t\t\t\t\t\t\t<img fetchpriority=\"high\" decoding=\"async\" width=\"800\" height=\"450\" src=\"https:\/\/www.hyper-ma.com\/wp-content\/uploads\/2024\/11\/IMG-HEADER-hyper-ma-21-1024x576.jpg\" class=\"attachment-large size-large wp-image-925\" alt=\"\" srcset=\"https:\/\/www.hyper-ma.com\/wp-content\/uploads\/2024\/11\/IMG-HEADER-hyper-ma-21-1024x576.jpg 1024w, https:\/\/www.hyper-ma.com\/wp-content\/uploads\/2024\/11\/IMG-HEADER-hyper-ma-21-300x169.jpg 300w, https:\/\/www.hyper-ma.com\/wp-content\/uploads\/2024\/11\/IMG-HEADER-hyper-ma-21-768x432.jpg 768w, https:\/\/www.hyper-ma.com\/wp-content\/uploads\/2024\/11\/IMG-HEADER-hyper-ma-21-1536x864.jpg 1536w, https:\/\/www.hyper-ma.com\/wp-content\/uploads\/2024\/11\/IMG-HEADER-hyper-ma-21.jpg 1920w\" sizes=\"(max-width: 800px) 100vw, 800px\" \/>\t\t\t\t\t\t\t\t<\/a>\n\t\t\t\t\t\t\t\t\t\t\t\t\t\t\t<\/div>\n\t\t\t\t<\/div>\n\t\t\t\t<\/div>\n\t\t<div class=\"elementor-element elementor-element-06bb3d1 e-con-full e-flex e-con e-child\" data-id=\"06bb3d1\" data-element_type=\"container\" data-e-type=\"container\">\n\t\t\t\t<div class=\"elementor-element elementor-element-d49eaca elementor-widget elementor-widget-image\" data-id=\"d49eaca\" data-element_type=\"widget\" data-e-type=\"widget\" data-widget_type=\"image.default\">\n\t\t\t\t<div class=\"elementor-widget-container\">\n\t\t\t\t\t\t\t\t\t\t\t\t\t\t\t\t<a href=\"https:\/\/www.hyper-ma.com\/wp-content\/uploads\/2024\/11\/PREPARER-SON-RENDEZ-VOUS-HYPER-MA-TATTOO-scaled.jpg\">\n\t\t\t\t\t\t\t<img decoding=\"async\" width=\"800\" height=\"450\" src=\"https:\/\/www.hyper-ma.com\/wp-content\/uploads\/2024\/11\/IMG-HEADER-hyper-ma-30-1024x576.jpg\" class=\"attachment-large size-large wp-image-756\" alt=\"IMG-HEADER-hyper-ma-30\" srcset=\"https:\/\/www.hyper-ma.com\/wp-content\/uploads\/2024\/11\/IMG-HEADER-hyper-ma-30-1024x576.jpg 1024w, https:\/\/www.hyper-ma.com\/wp-content\/uploads\/2024\/11\/IMG-HEADER-hyper-ma-30-300x169.jpg 300w, https:\/\/www.hyper-ma.com\/wp-content\/uploads\/2024\/11\/IMG-HEADER-hyper-ma-30-768x432.jpg 768w, https:\/\/www.hyper-ma.com\/wp-content\/uploads\/2024\/11\/IMG-HEADER-hyper-ma-30-1536x864.jpg 1536w, https:\/\/www.hyper-ma.com\/wp-content\/uploads\/2024\/11\/IMG-HEADER-hyper-ma-30.jpg 1920w\" sizes=\"(max-width: 800px) 100vw, 800px\" \/>\t\t\t\t\t\t\t\t<\/a>\n\t\t\t\t\t\t\t\t\t\t\t\t\t\t\t<\/div>\n\t\t\t\t<\/div>\n\t\t\t\t<\/div>\n\t\t<div class=\"elementor-element elementor-element-464febc e-con-full e-flex e-con e-child\" data-id=\"464febc\" data-element_type=\"container\" data-e-type=\"container\">\n\t\t\t\t<div class=\"elementor-element elementor-element-8b0fe60 elementor-widget elementor-widget-image\" data-id=\"8b0fe60\" data-element_type=\"widget\" data-e-type=\"widget\" data-widget_type=\"image.default\">\n\t\t\t\t<div class=\"elementor-widget-container\">\n\t\t\t\t\t\t\t\t\t\t\t\t\t\t\t\t<a href=\"https:\/\/www.hyper-ma.com\/wp-content\/uploads\/2024\/11\/SOINS-HYPER-MA-TATTOO-1-scaled.jpg\">\n\t\t\t\t\t\t\t<img decoding=\"async\" width=\"800\" height=\"450\" src=\"https:\/\/www.hyper-ma.com\/wp-content\/uploads\/2024\/11\/IMG-HEADER-hyper-ma-36-1024x576.jpg\" class=\"attachment-large size-large wp-image-939\" alt=\"\" srcset=\"https:\/\/www.hyper-ma.com\/wp-content\/uploads\/2024\/11\/IMG-HEADER-hyper-ma-36-1024x576.jpg 1024w, https:\/\/www.hyper-ma.com\/wp-content\/uploads\/2024\/11\/IMG-HEADER-hyper-ma-36-300x169.jpg 300w, https:\/\/www.hyper-ma.com\/wp-content\/uploads\/2024\/11\/IMG-HEADER-hyper-ma-36-768x432.jpg 768w, https:\/\/www.hyper-ma.com\/wp-content\/uploads\/2024\/11\/IMG-HEADER-hyper-ma-36-1536x864.jpg 1536w, https:\/\/www.hyper-ma.com\/wp-content\/uploads\/2024\/11\/IMG-HEADER-hyper-ma-36.jpg 1920w\" sizes=\"(max-width: 800px) 100vw, 800px\" \/>\t\t\t\t\t\t\t\t<\/a>\n\t\t\t\t\t\t\t\t\t\t\t\t\t\t\t<\/div>\n\t\t\t\t<\/div>\n\t\t\t\t<\/div>\n\t\t<div class=\"elementor-element elementor-element-b80a55b e-con-full e-flex e-con e-child\" data-id=\"b80a55b\" data-element_type=\"container\" data-e-type=\"container\">\n\t\t\t\t<div class=\"elementor-element elementor-element-ea020fd elementor-align-center elementor-widget elementor-widget-button\" data-id=\"ea020fd\" data-element_type=\"widget\" data-e-type=\"widget\" data-widget_type=\"button.default\">\n\t\t\t\t<div class=\"elementor-widget-container\">\n\t\t\t\t\t\t\t\t\t<div class=\"elementor-button-wrapper\">\n\t\t\t\t\t<a class=\"elementor-button elementor-button-link elementor-size-sm\" href=\"https:\/\/www.hyper-ma.com\/wp-content\/uploads\/2024\/11\/DEROULMENT-PROJET-HYPER-MA-TATTOO-scaled.jpg\">\n\t\t\t\t\t\t<span class=\"elementor-button-content-wrapper\">\n\t\t\t\t\t\t\t\t\t<span class=\"elementor-button-text\">TATTOO PROJECT PROGRESS<\/span>\n\t\t\t\t\t<\/span>\n\t\t\t\t\t<\/a>\n\t\t\t\t<\/div>\n\t\t\t\t\t\t\t\t<\/div>\n\t\t\t\t<\/div>\n\t\t\t\t<\/div>\n\t\t<div class=\"elementor-element elementor-element-1f25ca6 e-con-full e-flex e-con e-child\" data-id=\"1f25ca6\" data-element_type=\"container\" data-e-type=\"container\">\n\t\t\t\t<div class=\"elementor-element elementor-element-6438530 elementor-align-center elementor-widget elementor-widget-button\" data-id=\"6438530\" data-element_type=\"widget\" data-e-type=\"widget\" data-widget_type=\"button.default\">\n\t\t\t\t<div class=\"elementor-widget-container\">\n\t\t\t\t\t\t\t\t\t<div class=\"elementor-button-wrapper\">\n\t\t\t\t\t<a class=\"elementor-button elementor-button-link elementor-size-sm\" href=\"https:\/\/www.hyper-ma.com\/wp-content\/uploads\/2024\/11\/PREPARER-SON-RENDEZ-VOUS-HYPER-MA-TATTOO-scaled.jpg\">\n\t\t\t\t\t\t<span class=\"elementor-button-content-wrapper\">\n\t\t\t\t\t\t\t\t\t<span class=\"elementor-button-text\">PREPARING FOR YOUR TATTOO APPOINTMENT<\/span>\n\t\t\t\t\t<\/span>\n\t\t\t\t\t<\/a>\n\t\t\t\t<\/div>\n\t\t\t\t\t\t\t\t<\/div>\n\t\t\t\t<\/div>\n\t\t\t\t<\/div>\n\t\t<div class=\"elementor-element elementor-element-4b52427 e-con-full e-flex e-con e-child\" data-id=\"4b52427\" data-element_type=\"container\" data-e-type=\"container\">\n\t\t\t\t<div class=\"elementor-element elementor-element-44ebc18 elementor-align-center elementor-widget elementor-widget-button\" data-id=\"44ebc18\" data-element_type=\"widget\" data-e-type=\"widget\" data-widget_type=\"button.default\">\n\t\t\t\t<div class=\"elementor-widget-container\">\n\t\t\t\t\t\t\t\t\t<div class=\"elementor-button-wrapper\">\n\t\t\t\t\t<a class=\"elementor-button elementor-button-link elementor-size-sm\" href=\"https:\/\/www.hyper-ma.com\/wp-content\/uploads\/2024\/11\/SOINS-HYPER-MA-TATTOO-1-scaled.jpg\">\n\t\t\t\t\t\t<span class=\"elementor-button-content-wrapper\">\n\t\t\t\t\t\t\t\t\t<span class=\"elementor-button-text\">POST-TATTOO CARE<\/span>\n\t\t\t\t\t<\/span>\n\t\t\t\t\t<\/a>\n\t\t\t\t<\/div>\n\t\t\t\t\t\t\t\t<\/div>\n\t\t\t\t<\/div>\n\t\t\t\t<\/div>\n\t\t\t\t\t<\/div>\n\t\t\t\t<\/div>\n\t\t<div class=\"elementor-element elementor-element-bf8564a e-flex e-con-boxed e-con e-parent\" data-id=\"bf8564a\" data-element_type=\"container\" data-e-type=\"container\">\n\t\t\t\t\t<div class=\"e-con-inner\">\n\t\t\t\t<div class=\"elementor-element elementor-element-a15af5b elementor-widget elementor-widget-spacer\" data-id=\"a15af5b\" data-element_type=\"widget\" data-e-type=\"widget\" data-widget_type=\"spacer.default\">\n\t\t\t\t<div class=\"elementor-widget-container\">\n\t\t\t\t\t\t\t<div class=\"elementor-spacer\">\n\t\t\t<div class=\"elementor-spacer-inner\"><\/div>\n\t\t<\/div>\n\t\t\t\t\t\t<\/div>\n\t\t\t\t<\/div>\n\t\t\t\t\t<\/div>\n\t\t\t\t<\/div>\n\t\t<div class=\"elementor-element elementor-element-a5fc85f e-grid e-con-boxed e-con e-parent\" data-id=\"a5fc85f\" data-element_type=\"container\" data-e-type=\"container\">\n\t\t\t\t\t<div class=\"e-con-inner\">\n\t\t\t\t<div class=\"elementor-element elementor-element-f742e86 elementor-align-center elementor-widget elementor-widget-button\" data-id=\"f742e86\" data-element_type=\"widget\" data-e-type=\"widget\" data-widget_type=\"button.default\">\n\t\t\t\t<div class=\"elementor-widget-container\">\n\t\t\t\t\t\t\t\t\t<div class=\"elementor-button-wrapper\">\n\t\t\t\t\t<a class=\"elementor-button elementor-button-link elementor-size-sm\" href=\"https:\/\/www.hyper-ma.com\/wp-content\/uploads\/2024\/11\/CGV_HYPER-MA-TATTOO.pdf\" target=\"_blank\">\n\t\t\t\t\t\t<span class=\"elementor-button-content-wrapper\">\n\t\t\t\t\t\t\t\t\t<span class=\"elementor-button-text\">DOWNLOAD THE TERMS AND CONDITIONS<\/span>\n\t\t\t\t\t<\/span>\n\t\t\t\t\t<\/a>\n\t\t\t\t<\/div>\n\t\t\t\t\t\t\t\t<\/div>\n\t\t\t\t<\/div>\n\t\t\t\t<div class=\"elementor-element elementor-element-541006a elementor-align-center elementor-widget elementor-widget-button\" data-id=\"541006a\" data-element_type=\"widget\" data-e-type=\"widget\" data-widget_type=\"button.default\">\n\t\t\t\t<div class=\"elementor-widget-container\">\n\t\t\t\t\t\t\t\t\t<div class=\"elementor-button-wrapper\">\n\t\t\t\t\t<a class=\"elementor-button elementor-button-link elementor-size-sm\" href=\"https:\/\/www.hyper-ma.com\/wp-content\/uploads\/2025\/10\/RIB_HYPER-MA-TATTOO-CF.jpg\" target=\"_blank\">\n\t\t\t\t\t\t<span class=\"elementor-button-content-wrapper\">\n\t\t\t\t\t\t\t\t\t<span class=\"elementor-button-text\">DOWNLOAD THE BANK ACCOUNT (RIB)<\/span>\n\t\t\t\t\t<\/span>\n\t\t\t\t\t<\/a>\n\t\t\t\t<\/div>\n\t\t\t\t\t\t\t\t<\/div>\n\t\t\t\t<\/div>\n\t\t\t\t\t<\/div>\n\t\t\t\t<\/div>\n\t\t<div class=\"elementor-element elementor-element-95cc99c e-flex e-con-boxed e-con e-parent\" data-id=\"95cc99c\" data-element_type=\"container\" data-e-type=\"container\">\n\t\t\t\t\t<div class=\"e-con-inner\">\n\t\t\t\t<div class=\"elementor-element elementor-element-47bcdf2 elementor-widget elementor-widget-spacer\" data-id=\"47bcdf2\" data-element_type=\"widget\" data-e-type=\"widget\" data-widget_type=\"spacer.default\">\n\t\t\t\t<div class=\"elementor-widget-container\">\n\t\t\t\t\t\t\t<div class=\"elementor-spacer\">\n\t\t\t<div class=\"elementor-spacer-inner\"><\/div>\n\t\t<\/div>\n\t\t\t\t\t\t<\/div>\n\t\t\t\t<\/div>\n\t\t\t\t\t<\/div>\n\t\t\t\t<\/div>\n\t\t<div class=\"elementor-element elementor-element-76b1a9d e-flex e-con-boxed e-con e-parent\" data-id=\"76b1a9d\" data-element_type=\"container\" data-e-type=\"container\">\n\t\t\t\t\t<div class=\"e-con-inner\">\n\t\t<div class=\"elementor-element elementor-element-ff223d1 e-grid e-con-full e-con e-child\" data-id=\"ff223d1\" data-element_type=\"container\" data-e-type=\"container\">\n\t\t\t\t<div class=\"elementor-element elementor-element-9cd2a09 elementor-view-default elementor-widget elementor-widget-icon\" data-id=\"9cd2a09\" data-element_type=\"widget\" data-e-type=\"widget\" data-widget_type=\"icon.default\">\n\t\t\t\t<div class=\"elementor-widget-container\">\n\t\t\t\t\t\t\t<div class=\"elementor-icon-wrapper\">\n\t\t\t<a class=\"elementor-icon elementor-animation-shrink\" href=\"https:\/\/www.instagram.com\/hyper_ma\">\n\t\t\t<svg aria-hidden=\"true\" class=\"e-font-icon-svg e-fab-instagram\" viewbox=\"0 0 448 512\" xmlns=\"http:\/\/www.w3.org\/2000\/svg\"><path d=\"M224.1 141c-63.6 0-114.9 51.3-114.9 114.9s51.3 114.9 114.9 114.9S339 319.5 339 255.9 287.7 141 224.1 141zm0 189.6c-41.1 0-74.7-33.5-74.7-74.7s33.5-74.7 74.7-74.7 74.7 33.5 74.7 74.7-33.6 74.7-74.7 74.7zm146.4-194.3c0 14.9-12 26.8-26.8 26.8-14.9 0-26.8-12-26.8-26.8s12-26.8 26.8-26.8 26.8 12 26.8 26.8zm76.1 27.2c-1.7-35.9-9.9-67.7-36.2-93.9-26.2-26.2-58-34.4-93.9-36.2-37-2.1-147.9-2.1-184.9 0-35.8 1.7-67.6 9.9-93.9 36.1s-34.4 58-36.2 93.9c-2.1 37-2.1 147.9 0 184.9 1.7 35.9 9.9 67.7 36.2 93.9s58 34.4 93.9 36.2c37 2.1 147.9 2.1 184.9 0 35.9-1.7 67.7-9.9 93.9-36.2 26.2-26.2 34.4-58 36.2-93.9 2.1-37 2.1-147.8 0-184.8zM398.8 388c-7.8 19.6-22.9 34.7-42.6 42.6-29.5 11.7-99.5 9-132.1 9s-102.7 2.6-132.1-9c-19.6-7.8-34.7-22.9-42.6-42.6-11.7-29.5-9-99.5-9-132.1s-2.6-102.7 9-132.1c7.8-19.6 22.9-34.7 42.6-42.6 29.5-11.7 99.5-9 132.1-9s102.7-2.6 132.1 9c19.6 7.8 34.7 22.9 42.6 42.6 11.7 29.5 9 99.5 9 132.1s2.7 102.7-9 132.1z\"><\/path><\/svg>\t\t\t<\/a>\n\t\t<\/div>\n\t\t\t\t\t\t<\/div>\n\t\t\t\t<\/div>\n\t\t\t\t<div class=\"elementor-element elementor-element-16f8ed2 elementor-view-default elementor-widget elementor-widget-icon\" data-id=\"16f8ed2\" data-element_type=\"widget\" data-e-type=\"widget\" data-widget_type=\"icon.default\">\n\t\t\t\t<div class=\"elementor-widget-container\">\n\t\t\t\t\t\t\t<div class=\"elementor-icon-wrapper\">\n\t\t\t<a class=\"elementor-icon elementor-animation-shrink\" href=\"https:\/\/www.facebook.com\/HyperMaTattoo\">\n\t\t\t<svg aria-hidden=\"true\" class=\"e-font-icon-svg e-fab-facebook\" viewbox=\"0 0 512 512\" xmlns=\"http:\/\/www.w3.org\/2000\/svg\"><path d=\"M504 256C504 119 393 8 256 8S8 119 8 256c0 123.78 90.69 226.38 209.25 245V327.69h-63V256h63v-54.64c0-62.15 37-96.48 93.67-96.48 27.14 0 55.52 4.84 55.52 4.84v61h-31.28c-30.8 0-40.41 19.12-40.41 38.73V256h68.78l-11 71.69h-57.78V501C413.31 482.38 504 379.78 504 256z\"><\/path><\/svg>\t\t\t<\/a>\n\t\t<\/div>\n\t\t\t\t\t\t<\/div>\n\t\t\t\t<\/div>\n\t\t\t\t<div class=\"elementor-element elementor-element-c4c7982 elementor-view-default elementor-widget elementor-widget-icon\" data-id=\"c4c7982\" data-element_type=\"widget\" data-e-type=\"widget\" data-widget_type=\"icon.default\">\n\t\t\t\t<div class=\"elementor-widget-container\">\n\t\t\t\t\t\t\t<div class=\"elementor-icon-wrapper\">\n\t\t\t<a class=\"elementor-icon elementor-animation-shrink\" href=\"mailto:hyper.ma.tattoo@gmail.com\">\n\t\t\t<svg aria-hidden=\"true\" class=\"e-font-icon-svg e-far-envelope\" viewbox=\"0 0 512 512\" xmlns=\"http:\/\/www.w3.org\/2000\/svg\"><path d=\"M464 64H48C21.49 64 0 85.49 0 112v288c0 26.51 21.49 48 48 48h416c26.51 0 48-21.49 48-48V112c0-26.51-21.49-48-48-48zm0 48v40.805c-22.422 18.259-58.168 46.651-134.587 106.49-16.841 13.247-50.201 45.072-73.413 44.701-23.208.375-56.579-31.459-73.413-44.701C106.18 199.465 70.425 171.067 48 152.805V112h416zM48 400V214.398c22.914 18.251 55.409 43.862 104.938 82.646 21.857 17.205 60.134 55.186 103.062 54.955 42.717.231 80.509-37.199 103.053-54.947 49.528-38.783 82.032-64.401 104.947-82.653V400H48z\"><\/path><\/svg>\t\t\t<\/a>\n\t\t<\/div>\n\t\t\t\t\t\t<\/div>\n\t\t\t\t<\/div>\n\t\t\t\t<\/div>\n\t\t\t\t\t<\/div>\n\t\t\t\t<\/div>\n\t\t\t\t<\/div>","protected":false},"excerpt":{"rendered":"<p>Quelques petites fiches explicatives pour bien vivre la vie de tatou\u00e9.e : D\u00c9ROULEMENT PROJET TATTOO PR\u00c9PARER SON RENDEZ-VOUS TATTOO LES SOINS POST-TATTOO T\u00c9L\u00c9CHARGER LES CGV T\u00c9L\u00c9CHARGER LE RIB<\/p>","protected":false},"author":1,"featured_media":1989,"parent":0,"menu_order":0,"comment_status":"closed","ping_status":"closed","template":"","meta":{"footnotes":""},"folder":[],"class_list":["post-869","page","type-page","status-publish","has-post-thumbnail"],"yoast_head":"<!-- This site is optimized with the Yoast SEO plugin v27.5 - https:\/\/yoast.com\/product\/yoast-seo-wordpress\/ -->\n<title>- Hyper Ma<\/title>\n<meta name=\"robots\" content=\"index, follow, max-snippet:-1, max-image-preview:large, max-video-preview:-1\" \/>\n<link rel=\"canonical\" href=\"https:\/\/www.hyper-ma.com\/en\/fiches-a-telecharger\/\" \/>\n<meta property=\"og:locale\" content=\"en_GB\" \/>\n<meta property=\"og:type\" content=\"article\" \/>\n<meta property=\"og:title\" content=\"- Hyper Ma\" \/>\n<meta property=\"og:description\" content=\"Quelques petites fiches explicatives pour bien vivre la vie de tatou\u00e9.e : D\u00c9ROULEMENT PROJET TATTOO PR\u00c9PARER SON RENDEZ-VOUS TATTOO LES SOINS POST-TATTOO T\u00c9L\u00c9CHARGER LES CGV T\u00c9L\u00c9CHARGER LE RIB\" \/>\n<meta property=\"og:url\" content=\"https:\/\/www.hyper-ma.com\/en\/fiches-a-telecharger\/\" \/>\n<meta property=\"og:site_name\" content=\"Hyper Ma\" \/>\n<meta property=\"article:publisher\" content=\"https:\/\/www.facebook.com\/HyperMaTattoo\" \/>\n<meta property=\"article:modified_time\" content=\"2025-10-11T09:53:51+00:00\" \/>\n<meta property=\"og:image\" content=\"https:\/\/www.hyper-ma.com\/wp-content\/uploads\/2024\/12\/IMG-HEADER2-hyper-ma-10.jpg\" \/>\n\t<meta property=\"og:image:width\" content=\"1920\" \/>\n\t<meta property=\"og:image:height\" content=\"575\" \/>\n\t<meta property=\"og:image:type\" content=\"image\/jpeg\" \/>\n<meta name=\"twitter:card\" content=\"summary_large_image\" \/>\n<meta name=\"twitter:label1\" content=\"Estimated reading time\" \/>\n\t<meta name=\"twitter:data1\" content=\"1 minute\" \/>\n<script type=\"application\/ld+json\" class=\"yoast-schema-graph\">{\"@context\":\"https:\\\/\\\/schema.org\",\"@graph\":[{\"@type\":\"WebPage\",\"@id\":\"https:\\\/\\\/www.hyper-ma.com\\\/fiches-a-telecharger\\\/\",\"url\":\"https:\\\/\\\/www.hyper-ma.com\\\/fiches-a-telecharger\\\/\",\"name\":\"- Hyper Ma\",\"isPartOf\":{\"@id\":\"https:\\\/\\\/www.hyper-ma.com\\\/#website\"},\"primaryImageOfPage\":{\"@id\":\"https:\\\/\\\/www.hyper-ma.com\\\/fiches-a-telecharger\\\/#primaryimage\"},\"image\":{\"@id\":\"https:\\\/\\\/www.hyper-ma.com\\\/fiches-a-telecharger\\\/#primaryimage\"},\"thumbnailUrl\":\"https:\\\/\\\/www.hyper-ma.com\\\/wp-content\\\/uploads\\\/2024\\\/12\\\/IMG-HEADER2-hyper-ma-10.jpg\",\"datePublished\":\"2024-11-18T17:36:09+00:00\",\"dateModified\":\"2025-10-11T09:53:51+00:00\",\"inLanguage\":\"en-GB\",\"potentialAction\":[{\"@type\":\"ReadAction\",\"target\":[\"https:\\\/\\\/www.hyper-ma.com\\\/fiches-a-telecharger\\\/\"]}]},{\"@type\":\"ImageObject\",\"inLanguage\":\"en-GB\",\"@id\":\"https:\\\/\\\/www.hyper-ma.com\\\/fiches-a-telecharger\\\/#primaryimage\",\"url\":\"https:\\\/\\\/www.hyper-ma.com\\\/wp-content\\\/uploads\\\/2024\\\/12\\\/IMG-HEADER2-hyper-ma-10.jpg\",\"contentUrl\":\"https:\\\/\\\/www.hyper-ma.com\\\/wp-content\\\/uploads\\\/2024\\\/12\\\/IMG-HEADER2-hyper-ma-10.jpg\",\"width\":1920,\"height\":575},{\"@type\":\"WebSite\",\"@id\":\"https:\\\/\\\/www.hyper-ma.com\\\/#website\",\"url\":\"https:\\\/\\\/www.hyper-ma.com\\\/\",\"name\":\"Hyper Ma\",\"description\":\"Tatouage - Illustration - Graphisme\",\"publisher\":{\"@id\":\"https:\\\/\\\/www.hyper-ma.com\\\/#organization\"},\"potentialAction\":[{\"@type\":\"SearchAction\",\"target\":{\"@type\":\"EntryPoint\",\"urlTemplate\":\"https:\\\/\\\/www.hyper-ma.com\\\/?s={search_term_string}\"},\"query-input\":{\"@type\":\"PropertyValueSpecification\",\"valueRequired\":true,\"valueName\":\"search_term_string\"}}],\"inLanguage\":\"en-GB\"},{\"@type\":\"Organization\",\"@id\":\"https:\\\/\\\/www.hyper-ma.com\\\/#organization\",\"name\":\"Hyper Ma\",\"url\":\"https:\\\/\\\/www.hyper-ma.com\\\/\",\"logo\":{\"@type\":\"ImageObject\",\"inLanguage\":\"en-GB\",\"@id\":\"https:\\\/\\\/www.hyper-ma.com\\\/#\\\/schema\\\/logo\\\/image\\\/\",\"url\":\"https:\\\/\\\/www.hyper-ma.com\\\/wp-content\\\/uploads\\\/2024\\\/11\\\/Hyper-Ma-logo.png\",\"contentUrl\":\"https:\\\/\\\/www.hyper-ma.com\\\/wp-content\\\/uploads\\\/2024\\\/11\\\/Hyper-Ma-logo.png\",\"width\":1357,\"height\":1920,\"caption\":\"Hyper Ma\"},\"image\":{\"@id\":\"https:\\\/\\\/www.hyper-ma.com\\\/#\\\/schema\\\/logo\\\/image\\\/\"},\"sameAs\":[\"https:\\\/\\\/www.facebook.com\\\/HyperMaTattoo\",\"https:\\\/\\\/www.instagram.com\\\/hyper_ma\"]}]}<\/script>\n<!-- \/ Yoast SEO plugin. -->","yoast_head_json":{"title":"- Hyper Ma","robots":{"index":"index","follow":"follow","max-snippet":"max-snippet:-1","max-image-preview":"max-image-preview:large","max-video-preview":"max-video-preview:-1"},"canonical":"https:\/\/www.hyper-ma.com\/en\/fiches-a-telecharger\/","og_locale":"en_GB","og_type":"article","og_title":"- Hyper Ma","og_description":"Quelques petites fiches explicatives pour bien vivre la vie de tatou\u00e9.e : D\u00c9ROULEMENT PROJET TATTOO PR\u00c9PARER SON RENDEZ-VOUS TATTOO LES SOINS POST-TATTOO T\u00c9L\u00c9CHARGER LES CGV T\u00c9L\u00c9CHARGER LE RIB","og_url":"https:\/\/www.hyper-ma.com\/en\/fiches-a-telecharger\/","og_site_name":"Hyper Ma","article_publisher":"https:\/\/www.facebook.com\/HyperMaTattoo","article_modified_time":"2025-10-11T09:53:51+00:00","og_image":[{"width":1920,"height":575,"url":"https:\/\/www.hyper-ma.com\/wp-content\/uploads\/2024\/12\/IMG-HEADER2-hyper-ma-10.jpg","type":"image\/jpeg"}],"twitter_card":"summary_large_image","twitter_misc":{"Estimated reading time":"1 minute"},"schema":{"@context":"https:\/\/schema.org","@graph":[{"@type":"WebPage","@id":"https:\/\/www.hyper-ma.com\/fiches-a-telecharger\/","url":"https:\/\/www.hyper-ma.com\/fiches-a-telecharger\/","name":"- Hyper Ma","isPartOf":{"@id":"https:\/\/www.hyper-ma.com\/#website"},"primaryImageOfPage":{"@id":"https:\/\/www.hyper-ma.com\/fiches-a-telecharger\/#primaryimage"},"image":{"@id":"https:\/\/www.hyper-ma.com\/fiches-a-telecharger\/#primaryimage"},"thumbnailUrl":"https:\/\/www.hyper-ma.com\/wp-content\/uploads\/2024\/12\/IMG-HEADER2-hyper-ma-10.jpg","datePublished":"2024-11-18T17:36:09+00:00","dateModified":"2025-10-11T09:53:51+00:00","inLanguage":"en-GB","potentialAction":[{"@type":"ReadAction","target":["https:\/\/www.hyper-ma.com\/fiches-a-telecharger\/"]}]},{"@type":"ImageObject","inLanguage":"en-GB","@id":"https:\/\/www.hyper-ma.com\/fiches-a-telecharger\/#primaryimage","url":"https:\/\/www.hyper-ma.com\/wp-content\/uploads\/2024\/12\/IMG-HEADER2-hyper-ma-10.jpg","contentUrl":"https:\/\/www.hyper-ma.com\/wp-content\/uploads\/2024\/12\/IMG-HEADER2-hyper-ma-10.jpg","width":1920,"height":575},{"@type":"WebSite","@id":"https:\/\/www.hyper-ma.com\/#website","url":"https:\/\/www.hyper-ma.com\/","name":"Hyper Ma","description":"Tatouage - Illustration - Graphisme","publisher":{"@id":"https:\/\/www.hyper-ma.com\/#organization"},"potentialAction":[{"@type":"SearchAction","target":{"@type":"EntryPoint","urlTemplate":"https:\/\/www.hyper-ma.com\/?s={search_term_string}"},"query-input":{"@type":"PropertyValueSpecification","valueRequired":true,"valueName":"search_term_string"}}],"inLanguage":"en-GB"},{"@type":"Organization","@id":"https:\/\/www.hyper-ma.com\/#organization","name":"Hyper Ma","url":"https:\/\/www.hyper-ma.com\/","logo":{"@type":"ImageObject","inLanguage":"en-GB","@id":"https:\/\/www.hyper-ma.com\/#\/schema\/logo\/image\/","url":"https:\/\/www.hyper-ma.com\/wp-content\/uploads\/2024\/11\/Hyper-Ma-logo.png","contentUrl":"https:\/\/www.hyper-ma.com\/wp-content\/uploads\/2024\/11\/Hyper-Ma-logo.png","width":1357,"height":1920,"caption":"Hyper Ma"},"image":{"@id":"https:\/\/www.hyper-ma.com\/#\/schema\/logo\/image\/"},"sameAs":["https:\/\/www.facebook.com\/HyperMaTattoo","https:\/\/www.instagram.com\/hyper_ma"]}]}},"_links":{"self":[{"href":"https:\/\/www.hyper-ma.com\/en\/wp-json\/wp\/v2\/pages\/869","targetHints":{"allow":["GET"]}}],"collection":[{"href":"https:\/\/www.hyper-ma.com\/en\/wp-json\/wp\/v2\/pages"}],"about":[{"href":"https:\/\/www.hyper-ma.com\/en\/wp-json\/wp\/v2\/types\/page"}],"author":[{"embeddable":true,"href":"https:\/\/www.hyper-ma.com\/en\/wp-json\/wp\/v2\/users\/1"}],"replies":[{"embeddable":true,"href":"https:\/\/www.hyper-ma.com\/en\/wp-json\/wp\/v2\/comments?post=869"}],"version-history":[{"count":20,"href":"https:\/\/www.hyper-ma.com\/en\/wp-json\/wp\/v2\/pages\/869\/revisions"}],"predecessor-version":[{"id":4267,"href":"https:\/\/www.hyper-ma.com\/en\/wp-json\/wp\/v2\/pages\/869\/revisions\/4267"}],"wp:featuredmedia":[{"embeddable":true,"href":"https:\/\/www.hyper-ma.com\/en\/wp-json\/wp\/v2\/media\/1989"}],"wp:attachment":[{"href":"https:\/\/www.hyper-ma.com\/en\/wp-json\/wp\/v2\/media?parent=869"}],"wp:term":[{"taxonomy":"folder","embeddable":true,"href":"https:\/\/www.hyper-ma.com\/en\/wp-json\/wp\/v2\/folder?post=869"}],"curies":[{"name":"wp","href":"https:\/\/api.w.org\/{rel}","templated":true}]}}